{"id":17,"date":"2026-04-13T17:35:09","date_gmt":"2026-04-13T17:35:09","guid":{"rendered":"http:\/\/www.korfezdivingcenter.com\/?page_id=17"},"modified":"2026-04-13T19:18:26","modified_gmt":"2026-04-13T19:18:26","slug":"homepage","status":"publish","type":"page","link":"http:\/\/www.korfezdivingcenter.com\/","title":{"rendered":"ANASAYFA"},"content":{"rendered":"\n<div class=\"wp-block-cover alignfull\"><img loading=\"lazy\" decoding=\"async\" width=\"1200\" height=\"846\" class=\"wp-block-cover__image-background wp-image-38\" alt=\"\" src=\"http:\/\/www.korfezdivingcenter.com\/wp-content\/uploads\/2026\/04\/WhatsApp-Image-2026-04-13-at-20.47.53.jpeg\" data-object-fit=\"cover\" srcset=\"http:\/\/www.korfezdivingcenter.com\/wp-content\/uploads\/2026\/04\/WhatsApp-Image-2026-04-13-at-20.47.53.jpeg 1200w, http:\/\/www.korfezdivingcenter.com\/wp-content\/uploads\/2026\/04\/WhatsApp-Image-2026-04-13-at-20.47.53-300x212.jpeg 300w, http:\/\/www.korfezdivingcenter.com\/wp-content\/uploads\/2026\/04\/WhatsApp-Image-2026-04-13-at-20.47.53-1024x722.jpeg 1024w\" sizes=\"auto, (max-width: 1200px) 100vw, 1200px\" \/><span aria-hidden=\"true\" class=\"wp-block-cover__background has-background-dim-20 has-background-dim\" style=\"background-color:#517ea3\"><\/span><div class=\"wp-block-cover__inner-container has-global-padding is-layout-constrained wp-block-cover-is-layout-constrained\">\n<p class=\"has-text-align-center has-white-color has-text-color has-max-60-font-size\" style=\"font-style:normal;font-weight:900;line-height:1.2\"><strong>K\u00f6rfez Dal\u0131\u015f Merkezi<\/strong><\/p>\n\n\n\n<p class=\"has-text-align-center has-white-color has-text-color has-x-large-font-size\">AYVALIK<\/p>\n<\/div><\/div>\n\n\n\n<div class=\"wp-block-group alignfull has-global-padding is-layout-constrained wp-block-group-is-layout-constrained\">\n<div class=\"wp-block-group has-global-padding is-layout-constrained wp-block-group-is-layout-constrained\" style=\"padding-top:var(--wp--preset--spacing--small);padding-bottom:var(--wp--preset--spacing--small)\">\n<div style=\"height:30px\" aria-hidden=\"true\" class=\"wp-block-spacer\"><\/div>\n\n\n\n<div class=\"wp-block-columns is-layout-flex wp-container-core-columns-is-layout-c375d253 wp-block-columns-is-layout-flex\">\n<div class=\"wp-block-column is-vertically-aligned-center is-layout-flow wp-block-column-is-layout-flow\">\n<h2 class=\"wp-block-heading has-medium-font-size\" style=\"text-transform:uppercase\">TEKNEM\u0130Z<\/h2>\n\n\n\n<p>T\u00fcrkiye\u2019nin ilk ve tek dal\u0131\u015f ama\u00e7l\u0131 \u00fcretilmi\u015f teknesidir. 30 metre boyunda 7 metre Enindedir. Sizlerin konforu ve hijyeni esas al\u0131narak tekne kapasitesinin d\u00f6rtte biri misafir kabul etmek etmekteyiz.<\/p>\n\n\n\n<p>Teknede bulunanlar;<\/p>\n\n\n\n<p>-2 adet Wc<\/p>\n\n\n\n<p>-\u00dcst katta \u015fenzlong ve oturma gruplar\u0131<\/p>\n\n\n\n<p>-Alt katta her hava ku\u015funa uygun cam ile kapl\u0131 b\u00fcy\u00fck bir oturma alan\u0131<\/p>\n\n\n\n<p>-Platformda du\u015f<\/p>\n\n\n\n<p>-Ayval\u0131k s\u0131zma zeytinya\u011f\u0131 ile yap\u0131lan yemekler<\/p>\n\n\n\n<p>-B\u00fcy\u00fck bir mutfak<\/p>\n\n\n\n<p>-Kaliteli Dal\u0131\u015f Ekipmanlar\u0131<\/p>\n\n\n\n<p>-Bak\u0131mlar\u0131 her sene d\u00fczenli yap\u0131lan t\u00fcpler<\/p>\n\n\n\n<p>-\u00dccretsiz Cunda Adas\u0131 bot servisi<\/p>\n\n\n\n<p><\/p>\n<\/div>\n\n\n\n<div class=\"wp-block-column is-layout-flow wp-block-column-is-layout-flow\">\n<figure class=\"wp-block-image size-large\"><img loading=\"lazy\" decoding=\"async\" width=\"1024\" height=\"576\" src=\"http:\/\/www.korfezdivingcenter.com\/wp-content\/uploads\/2026\/04\/WhatsApp-Image-2026-04-13-at-21.16.45-1024x576.jpeg\" alt=\"\" class=\"wp-image-61\" srcset=\"http:\/\/www.korfezdivingcenter.com\/wp-content\/uploads\/2026\/04\/WhatsApp-Image-2026-04-13-at-21.16.45-1024x576.jpeg 1024w, http:\/\/www.korfezdivingcenter.com\/wp-content\/uploads\/2026\/04\/WhatsApp-Image-2026-04-13-at-21.16.45-300x169.jpeg 300w, http:\/\/www.korfezdivingcenter.com\/wp-content\/uploads\/2026\/04\/WhatsApp-Image-2026-04-13-at-21.16.45.jpeg 1280w\" sizes=\"auto, (max-width: 1024px) 100vw, 1024px\" \/><\/figure>\n\n\n\n\n<\/div>\n<\/div>\n\n\n\n<div style=\"height:30px\" aria-hidden=\"true\" class=\"wp-block-spacer\"><\/div>\n<\/div>\n<\/div>\n\n\n\n<div class=\"wp-block-group alignfull has-background has-global-padding is-layout-constrained wp-block-group-is-layout-constrained\">\n<div class=\"wp-block-group has-global-padding is-layout-constrained wp-block-group-is-layout-constrained\" style=\"padding-top:var(--wp--preset--spacing--small);padding-bottom:var(--wp--preset--spacing--small)\">\n<div style=\"height:30px\" aria-hidden=\"true\" class=\"wp-block-spacer\"><\/div>\n\n\n\n<div class=\"wp-block-columns are-vertically-aligned-center is-layout-flex wp-container-core-columns-is-layout-c375d253 wp-block-columns-is-layout-flex\">\n<div class=\"wp-block-column is-vertically-aligned-center is-layout-flow wp-block-column-is-layout-flow\">\n<figure class=\"wp-block-image size-full\"><img loading=\"lazy\" decoding=\"async\" width=\"640\" height=\"479\" src=\"http:\/\/www.korfezdivingcenter.com\/wp-content\/uploads\/2026\/04\/IMG_7595.jpeg\" alt=\"\" class=\"wp-image-121\" style=\"aspect-ratio:1.3361516781962592\" srcset=\"http:\/\/www.korfezdivingcenter.com\/wp-content\/uploads\/2026\/04\/IMG_7595.jpeg 640w, http:\/\/www.korfezdivingcenter.com\/wp-content\/uploads\/2026\/04\/IMG_7595-300x225.jpeg 300w\" sizes=\"auto, (max-width: 640px) 100vw, 640px\" \/><\/figure>\n<\/div>\n\n\n\n<div class=\"wp-block-column is-vertically-aligned-center is-layout-flow wp-block-column-is-layout-flow\">\n<h2 class=\"wp-block-heading has-medium-font-size\" style=\"text-transform:uppercase\">H\u0130ZMETLER\u0130M\u0130Z<\/h2>\n\n\n\n<p>-DENEME DALI\u015eI<\/p>\n\n\n\n<p>-DALI\u015e KURSLARI<\/p>\n\n\n\n<p>-VIP DALI\u015eLAR<\/p>\n\n\n\n<p>-SU ALTI FOTO\u011eRAF \u00c7EK\u0130M\u0130<\/p>\n\n\n\n<p>-SU ALTI VIDEO \u00c7EK\u0130M\u0130<\/p>\n\n\n\n<p>-YURT DI\u015eI DALI\u015e TURLARI<\/p>\n\n\n\n<div class=\"wp-block-buttons is-layout-flex wp-block-buttons-is-layout-flex\"><\/div>\n<\/div>\n<\/div>\n\n\n\n<div style=\"height:30px\" aria-hidden=\"true\" class=\"wp-block-spacer\"><\/div>\n<\/div>\n<\/div>\n\n\n\n<div id=\"team\" class=\"wp-block-group has-global-padding is-layout-constrained wp-block-group-is-layout-constrained\">\n<div class=\"wp-block-group is-layout-flow wp-block-group-is-layout-flow\">\n<div style=\"height:27px\" aria-hidden=\"true\" class=\"wp-block-spacer\"><\/div>\n\n\n\n<div style=\"height:0px\" aria-hidden=\"true\" class=\"wp-block-spacer\"><\/div>\n\n\n\n<div class=\"wp-block-columns is-layout-flex wp-container-core-columns-is-layout-28f84493 wp-block-columns-is-layout-flex\">\n<div class=\"wp-block-column is-style-default is-layout-flow wp-block-column-is-layout-flow\" style=\"border-style:none;border-width:0px;padding-top:0;padding-right:0;padding-bottom:0;padding-left:0\">\n<figure class=\"wp-block-image size-full is-resized is-style-default\"><img loading=\"lazy\" decoding=\"async\" width=\"1049\" height=\"1271\" src=\"http:\/\/www.korfezdivingcenter.com\/wp-content\/uploads\/2026\/04\/unnamed.jpg\" alt=\"\" class=\"wp-image-73\" style=\"aspect-ratio:0.8253343561351433;width:376px;height:auto\" srcset=\"http:\/\/www.korfezdivingcenter.com\/wp-content\/uploads\/2026\/04\/unnamed.jpg 1049w, http:\/\/www.korfezdivingcenter.com\/wp-content\/uploads\/2026\/04\/unnamed-248x300.jpg 248w, http:\/\/www.korfezdivingcenter.com\/wp-content\/uploads\/2026\/04\/unnamed-845x1024.jpg 845w\" sizes=\"auto, (max-width: 1049px) 100vw, 1049px\" \/><\/figure>\n<\/div>\n\n\n\n<div class=\"wp-block-column is-style-default is-layout-flow wp-block-column-is-layout-flow\" style=\"border-style:none;border-width:0px;padding-top:0;padding-right:0;padding-bottom:0;padding-left:0\">\n<figure class=\"wp-block-image size-full\"><img loading=\"lazy\" decoding=\"async\" width=\"1196\" height=\"1417\" src=\"http:\/\/www.korfezdivingcenter.com\/wp-content\/uploads\/2026\/04\/IMG_7390.jpeg\" alt=\"\" class=\"wp-image-65\" srcset=\"http:\/\/www.korfezdivingcenter.com\/wp-content\/uploads\/2026\/04\/IMG_7390.jpeg 1196w, http:\/\/www.korfezdivingcenter.com\/wp-content\/uploads\/2026\/04\/IMG_7390-253x300.jpeg 253w, http:\/\/www.korfezdivingcenter.com\/wp-content\/uploads\/2026\/04\/IMG_7390-864x1024.jpeg 864w\" sizes=\"auto, (max-width: 1196px) 100vw, 1196px\" \/><\/figure>\n<\/div>\n\n\n\n<div class=\"wp-block-column is-style-default is-layout-flow wp-block-column-is-layout-flow\" style=\"border-style:none;border-width:0px;padding-top:0;padding-right:0;padding-bottom:0;padding-left:0\">\n<figure class=\"wp-block-image size-full\"><img loading=\"lazy\" decoding=\"async\" width=\"1290\" height=\"1528\" src=\"http:\/\/www.korfezdivingcenter.com\/wp-content\/uploads\/2026\/04\/IMG_7389.jpeg\" alt=\"\" class=\"wp-image-66\" srcset=\"http:\/\/www.korfezdivingcenter.com\/wp-content\/uploads\/2026\/04\/IMG_7389.jpeg 1290w, http:\/\/www.korfezdivingcenter.com\/wp-content\/uploads\/2026\/04\/IMG_7389-253x300.jpeg 253w, http:\/\/www.korfezdivingcenter.com\/wp-content\/uploads\/2026\/04\/IMG_7389-865x1024.jpeg 865w\" sizes=\"auto, (max-width: 1290px) 100vw, 1290px\" \/><\/figure>\n<\/div>\n<\/div>\n\n\n\n<div style=\"height:63px\" aria-hidden=\"true\" class=\"wp-block-spacer\"><\/div>\n\n\n\n<div class=\"wp-block-buttons is-content-justification-center is-layout-flex wp-container-core-buttons-is-layout-a89b3969 wp-block-buttons-is-layout-flex\"><\/div>\n\n\n\n<div style=\"height:81px\" aria-hidden=\"true\" class=\"wp-block-spacer\"><\/div>\n<\/div>\n<\/div>\n\n\n\n<div class=\"wp-block-cover alignfull has-parallax is-position-center-center\" style=\"border-radius:0px\"><div class=\"wp-block-cover__image-background wp-image-100 size-full has-parallax\" style=\"background-position:50% 50%;background-image:url(http:\/\/www.korfezdivingcenter.com\/wp-content\/uploads\/2026\/04\/Ayvalik_dalis_harita.jpg)\"><\/div><span aria-hidden=\"true\" class=\"wp-block-cover__background has-black-background-color has-background-dim-40 has-background-dim\"><\/span><div class=\"wp-block-cover__inner-container is-layout-flow wp-block-cover-is-layout-flow\">\n<p class=\"has-text-align-center has-large-font-size\"><\/p>\n<\/div><\/div>\n\n\n\n<div id=\"news\" class=\"wp-block-group has-global-padding is-layout-constrained wp-block-group-is-layout-constrained\">\n<div style=\"height:108px\" aria-hidden=\"true\" class=\"wp-block-spacer\"><\/div>\n\n\n\n<ul class=\"wp-block-social-links is-layout-flex wp-block-social-links-is-layout-flex\"><\/ul>\n<\/div>\n\n\n\n<p><\/p>\n","protected":false},"excerpt":{"rendered":"<p>TEKNEM\u0130Z T\u00fcrkiye\u2019nin ilk ve tek dal\u0131\u015f ama\u00e7l\u0131 \u00fcretilmi\u015f teknesidir. 30 metre boyunda 7 metre Enindedir. Sizlerin konforu ve hijyeni esas al\u0131narak tekne kapasitesinin d\u00f6rtte biri misafir kabul etmek etmekteyiz. Teknede bulunanlar; -2 adet Wc -\u00dcst katta \u015fenzlong ve oturma gruplar\u0131 -Alt katta her hava ku\u015funa uygun cam ile kapl\u0131 b\u00fcy\u00fck bir oturma alan\u0131 -Platformda du\u015f &hellip; <\/p>\n<p class=\"link-more\"><a href=\"http:\/\/www.korfezdivingcenter.com\/\" class=\"more-link\"><span class=\"screen-reader-text\"> &#8220;ANASAYFA&#8221;<\/span>devam\u0131n\u0131 oku<\/a><\/p>\n","protected":false},"author":1,"featured_media":0,"parent":0,"menu_order":0,"comment_status":"closed","ping_status":"closed","template":"page-templates\/homepage-builder-bb.php","meta":{"inspiro_hide_title":false,"footnotes":""},"class_list":["post-17","page","type-page","status-publish","hentry"],"_links":{"self":[{"href":"http:\/\/www.korfezdivingcenter.com\/index.php?rest_route=\/wp\/v2\/pages\/17","targetHints":{"allow":["GET"]}}],"collection":[{"href":"http:\/\/www.korfezdivingcenter.com\/index.php?rest_route=\/wp\/v2\/pages"}],"about":[{"href":"http:\/\/www.korfezdivingcenter.com\/index.php?rest_route=\/wp\/v2\/types\/page"}],"author":[{"embeddable":true,"href":"http:\/\/www.korfezdivingcenter.com\/index.php?rest_route=\/wp\/v2\/users\/1"}],"replies":[{"embeddable":true,"href":"http:\/\/www.korfezdivingcenter.com\/index.php?rest_route=%2Fwp%2Fv2%2Fcomments&post=17"}],"version-history":[{"count":31,"href":"http:\/\/www.korfezdivingcenter.com\/index.php?rest_route=\/wp\/v2\/pages\/17\/revisions"}],"predecessor-version":[{"id":130,"href":"http:\/\/www.korfezdivingcenter.com\/index.php?rest_route=\/wp\/v2\/pages\/17\/revisions\/130"}],"wp:attachment":[{"href":"http:\/\/www.korfezdivingcenter.com\/index.php?rest_route=%2Fwp%2Fv2%2Fmedia&parent=17"}],"curies":[{"name":"wp","href":"https:\/\/api.w.org\/{rel}","templated":true}]}}