{"id":18,"date":"2026-04-13T17:35:09","date_gmt":"2026-04-13T17:35:09","guid":{"rendered":"http:\/\/www.korfezdivingcenter.com\/?page_id=18"},"modified":"2026-04-13T19:11:33","modified_gmt":"2026-04-13T19:11:33","slug":"about","status":"publish","type":"page","link":"http:\/\/www.korfezdivingcenter.com\/?page_id=18","title":{"rendered":"K\u00f6rfez 2 Teknesi"},"content":{"rendered":"\n<h2 class=\"wp-block-heading has-small-font-size\" id=\"inspiro-is-a-digital-product-agency-that-focuses-on-strategy-and-design\" style=\"font-style:normal;font-weight:100\">T\u00fcrkiye\u2019nin ilk ve tek dal\u0131\u015f ama\u00e7l\u0131 \u00fcretilmi\u015f teknesidir. 30 metre boyunda 7 metre Enindedir. Sizlerin konforu ve hijyeni esas al\u0131narak tekne kapasitesinin d\u00f6rtte biri misafir kabul etmek etmekteyiz.<\/h2>\n\n\n\n<p>Teknede bulunanlar;<\/p>\n\n\n\n<p>-2 adet Wc<\/p>\n\n\n\n<p>-\u00dcst katta \u015fenzlong ve oturma gruplar\u0131<\/p>\n\n\n\n<p>-Alt katta her hava ku\u015funa uygun cam ile kapl\u0131 b\u00fcy\u00fck bir oturma alan\u0131<\/p>\n\n\n\n<p>-Platformda du\u015f<\/p>\n\n\n\n<p>-Ayval\u0131k s\u0131zma zeytinya\u011f\u0131 ile yap\u0131lan yemekler<\/p>\n\n\n\n<p>-B\u00fcy\u00fck bir mutfak<\/p>\n\n\n\n<p>-Kaliteli Dal\u0131\u015f Ekipmanlar\u0131<\/p>\n\n\n\n<p>-Bak\u0131mlar\u0131 her sene d\u00fczenli yap\u0131lan t\u00fcpler<\/p>\n\n\n\n<p id=\"inspiro-is-a-digital-product-agency-that-focuses-on-strategy-and-design\">-\u00dccretsiz Cunda Adas\u0131 bot servisi<\/p>\n\n\n\n<div style=\"height:100px\" aria-hidden=\"true\" class=\"wp-block-spacer\"><\/div>\n\n\n\n<div class=\"wp-block-columns alignwide is-layout-flex wp-container-core-columns-is-layout-28f84493 wp-block-columns-is-layout-flex\">\n<div class=\"wp-block-column is-layout-flow wp-block-column-is-layout-flow\">\n<figure class=\"wp-block-image size-large\"><img loading=\"lazy\" decoding=\"async\" width=\"864\" height=\"1024\" src=\"http:\/\/www.korfezdivingcenter.com\/wp-content\/uploads\/2026\/04\/IMG_7390-864x1024.jpeg\" alt=\"\" class=\"wp-image-65\" srcset=\"http:\/\/www.korfezdivingcenter.com\/wp-content\/uploads\/2026\/04\/IMG_7390-864x1024.jpeg 864w, http:\/\/www.korfezdivingcenter.com\/wp-content\/uploads\/2026\/04\/IMG_7390-253x300.jpeg 253w, http:\/\/www.korfezdivingcenter.com\/wp-content\/uploads\/2026\/04\/IMG_7390.jpeg 1196w\" sizes=\"auto, (max-width: 864px) 100vw, 864px\" \/><\/figure>\n\n\n\n<p class=\"has-black-color has-text-color has-medium-font-size\"><a href=\"#\">.<\/a><\/p>\n\n\n\n<p class=\"has-text-color\" style=\"color:#7a7a7a\">.<\/p>\n<\/div>\n\n\n\n<div class=\"wp-block-column is-layout-flow wp-block-column-is-layout-flow\">\n<figure class=\"wp-block-image size-large\"><img loading=\"lazy\" decoding=\"async\" width=\"865\" height=\"1024\" src=\"http:\/\/www.korfezdivingcenter.com\/wp-content\/uploads\/2026\/04\/IMG_7389-865x1024.jpeg\" alt=\"\" class=\"wp-image-66\" srcset=\"http:\/\/www.korfezdivingcenter.com\/wp-content\/uploads\/2026\/04\/IMG_7389-865x1024.jpeg 865w, http:\/\/www.korfezdivingcenter.com\/wp-content\/uploads\/2026\/04\/IMG_7389-253x300.jpeg 253w, http:\/\/www.korfezdivingcenter.com\/wp-content\/uploads\/2026\/04\/IMG_7389.jpeg 1290w\" sizes=\"auto, (max-width: 865px) 100vw, 865px\" \/><\/figure>\n\n\n\n<p class=\"has-black-color has-text-color has-medium-font-size\"><a href=\"#\">.<\/a><\/p>\n\n\n\n<p class=\"has-text-color\" style=\"color:#7a7a7a\">.<\/p>\n<\/div>\n\n\n\n<div class=\"wp-block-column is-layout-flow wp-block-column-is-layout-flow\">\n<figure class=\"wp-block-image size-large is-resized\"><img loading=\"lazy\" decoding=\"async\" width=\"845\" height=\"1024\" src=\"http:\/\/www.korfezdivingcenter.com\/wp-content\/uploads\/2026\/04\/unnamed-845x1024.jpg\" alt=\"\" class=\"wp-image-73\" style=\"aspect-ratio:0.825217415160078;width:457px;height:auto\" srcset=\"http:\/\/www.korfezdivingcenter.com\/wp-content\/uploads\/2026\/04\/unnamed-845x1024.jpg 845w, http:\/\/www.korfezdivingcenter.com\/wp-content\/uploads\/2026\/04\/unnamed-248x300.jpg 248w, http:\/\/www.korfezdivingcenter.com\/wp-content\/uploads\/2026\/04\/unnamed.jpg 1049w\" sizes=\"auto, (max-width: 845px) 100vw, 845px\" \/><\/figure>\n\n\n\n<p class=\"has-black-color has-text-color has-medium-font-size\"><a href=\"#\">.<\/a><\/p>\n\n\n\n<p class=\"has-text-color\" style=\"color:#7a7a7a\">.<\/p>\n<\/div>\n<\/div>\n\n\n\n<div style=\"height:100px\" aria-hidden=\"true\" class=\"wp-block-spacer\"><\/div>\n\n\n\n<p><\/p>\n","protected":false},"excerpt":{"rendered":"<p>T\u00fcrkiye\u2019nin ilk ve tek dal\u0131\u015f ama\u00e7l\u0131 \u00fcretilmi\u015f teknesidir. 30 metre boyunda 7 metre Enindedir. Sizlerin konforu ve hijyeni esas al\u0131narak tekne kapasitesinin d\u00f6rtte biri misafir kabul etmek etmekteyiz. Teknede bulunanlar; -2 adet Wc -\u00dcst katta \u015fenzlong ve oturma gruplar\u0131 -Alt katta her hava ku\u015funa uygun cam ile kapl\u0131 b\u00fcy\u00fck bir oturma alan\u0131 -Platformda du\u015f -Ayval\u0131k &hellip; <\/p>\n<p class=\"link-more\"><a href=\"http:\/\/www.korfezdivingcenter.com\/?page_id=18\" class=\"more-link\"><span class=\"screen-reader-text\"> &#8220;K\u00f6rfez 2 Teknesi&#8221;<\/span>devam\u0131n\u0131 oku<\/a><\/p>\n","protected":false},"author":1,"featured_media":61,"parent":0,"menu_order":0,"comment_status":"closed","ping_status":"closed","template":"","meta":{"inspiro_hide_title":false,"footnotes":""},"class_list":["post-18","page","type-page","status-publish","has-post-thumbnail","hentry"],"_links":{"self":[{"href":"http:\/\/www.korfezdivingcenter.com\/index.php?rest_route=\/wp\/v2\/pages\/18","targetHints":{"allow":["GET"]}}],"collection":[{"href":"http:\/\/www.korfezdivingcenter.com\/index.php?rest_route=\/wp\/v2\/pages"}],"about":[{"href":"http:\/\/www.korfezdivingcenter.com\/index.php?rest_route=\/wp\/v2\/types\/page"}],"author":[{"embeddable":true,"href":"http:\/\/www.korfezdivingcenter.com\/index.php?rest_route=\/wp\/v2\/users\/1"}],"replies":[{"embeddable":true,"href":"http:\/\/www.korfezdivingcenter.com\/index.php?rest_route=%2Fwp%2Fv2%2Fcomments&post=18"}],"version-history":[{"count":12,"href":"http:\/\/www.korfezdivingcenter.com\/index.php?rest_route=\/wp\/v2\/pages\/18\/revisions"}],"predecessor-version":[{"id":125,"href":"http:\/\/www.korfezdivingcenter.com\/index.php?rest_route=\/wp\/v2\/pages\/18\/revisions\/125"}],"wp:featuredmedia":[{"embeddable":true,"href":"http:\/\/www.korfezdivingcenter.com\/index.php?rest_route=\/wp\/v2\/media\/61"}],"wp:attachment":[{"href":"http:\/\/www.korfezdivingcenter.com\/index.php?rest_route=%2Fwp%2Fv2%2Fmedia&parent=18"}],"curies":[{"name":"wp","href":"https:\/\/api.w.org\/{rel}","templated":true}]}}