{"id":19,"date":"2026-04-13T17:35:09","date_gmt":"2026-04-13T17:35:09","guid":{"rendered":"http:\/\/www.korfezdivingcenter.com\/?page_id=19"},"modified":"2026-04-13T18:53:28","modified_gmt":"2026-04-13T18:53:28","slug":"contact-2","status":"publish","type":"page","link":"http:\/\/www.korfezdivingcenter.com\/?page_id=19","title":{"rendered":"\u0130leti\u015fim"},"content":{"rendered":"\n<div style=\"height:156px\" aria-hidden=\"true\" class=\"wp-block-spacer\"><\/div>\n\n\n\n<div class=\"wp-block-group alignfull has-global-padding is-layout-constrained wp-container-core-group-is-layout-19e250f3 wp-block-group-is-layout-constrained\">\n<div class=\"wp-block-columns alignfull are-vertically-aligned-center has-light-background-background-color has-background is-layout-flex wp-container-core-columns-is-layout-dd282781 wp-block-columns-is-layout-flex\" style=\"padding-top:0;padding-right:0;padding-bottom:0;padding-left:0\">\n<div class=\"wp-block-column is-vertically-aligned-center map-grayscale is-layout-flow wp-block-column-is-layout-flow\" style=\"flex-basis:50%\">\n<figure class=\"wp-block-image size-full\"><a href=\"https:\/\/www.google.com\/maps\/place\/K%C3%96RFEZ+DALI%C5%9E+MERKEZ%C4%B0+AYVALIK+DALI%C5%9E\/@39.3161727,26.6900682,18.55z\/data=!4m6!3m5!1s0x14ba767fda40ac55:0xd13ba4daf7322de6!8m2!3d39.3163412!4d26.6905423!16s%2Fg%2F1tdhvts7?entry=ttu&amp;g_ep=EgoyMDI2MDQwOC4wIKXMDSoASAFQAw%3D%3D\"><img loading=\"lazy\" decoding=\"async\" width=\"1024\" height=\"655\" src=\"http:\/\/www.korfezdivingcenter.com\/wp-content\/uploads\/2026\/04\/WhatsApp-Image-2026-04-13-at-21.49.51.jpeg\" alt=\"\" class=\"wp-image-99\" srcset=\"http:\/\/www.korfezdivingcenter.com\/wp-content\/uploads\/2026\/04\/WhatsApp-Image-2026-04-13-at-21.49.51.jpeg 1024w, http:\/\/www.korfezdivingcenter.com\/wp-content\/uploads\/2026\/04\/WhatsApp-Image-2026-04-13-at-21.49.51-300x192.jpeg 300w\" sizes=\"auto, (max-width: 1024px) 100vw, 1024px\" \/><\/a><\/figure>\n<\/div>\n\n\n\n<div class=\"wp-block-column is-vertically-aligned-center is-layout-flow wp-block-column-is-layout-flow\" style=\"padding-top:var(--wp--preset--spacing--small);padding-right:var(--wp--preset--spacing--small);padding-bottom:var(--wp--preset--spacing--small);padding-left:2%;flex-basis:50%\">\n<h3 class=\"wp-block-heading has-large-font-size\">K\u00f6rfez Dal\u0131\u015f Merkezi<\/h3>\n\n\n\n<p><\/p>\n\n\n\n<h3 class=\"wp-block-heading\"><strong>Adres<\/strong><\/h3>\n\n\n\n<p>Migros Kar\u015f\u0131s\u0131, Fevzipa\u015fa-vehbibey, Ayval\u0131k Liman\u0131 Tost\u00e7ular \u00c7ar\u015f\u0131s\u0131, 10400 Ayval\u0131k\/Bal\u0131kesir<\/p>\n\n\n\n<h3 class=\"wp-block-heading\"><strong>Email<\/strong><\/h3>\n\n\n\n<p>info@korfezdivingcenter.com<\/p>\n\n\n\n<h3 class=\"wp-block-heading\"><strong>Phone<\/strong><\/h3>\n\n\n\n<p>+90 532 266 3589<\/p>\n<\/div>\n<\/div>\n<\/div>\n\n\n\n<div class=\"wp-block-group has-global-padding is-layout-constrained wp-block-group-is-layout-constrained\">\n<div style=\"height:33px\" aria-hidden=\"true\" class=\"wp-block-spacer\"><\/div>\n\n\n\n<div style=\"height:45px\" aria-hidden=\"true\" class=\"wp-block-spacer\"><\/div>\n<\/div>\n\n\n\n<p><\/p>\n","protected":false},"excerpt":{"rendered":"<p>K\u00f6rfez Dal\u0131\u015f Merkezi Adres Migros Kar\u015f\u0131s\u0131, Fevzipa\u015fa-vehbibey, Ayval\u0131k Liman\u0131 Tost\u00e7ular \u00c7ar\u015f\u0131s\u0131, 10400 Ayval\u0131k\/Bal\u0131kesir Email info@korfezdivingcenter.com Phone +90 532 266 3589<\/p>\n","protected":false},"author":1,"featured_media":65,"parent":0,"menu_order":0,"comment_status":"closed","ping_status":"closed","template":"","meta":{"inspiro_hide_title":false,"footnotes":""},"class_list":["post-19","page","type-page","status-publish","has-post-thumbnail","hentry"],"_links":{"self":[{"href":"http:\/\/www.korfezdivingcenter.com\/index.php?rest_route=\/wp\/v2\/pages\/19","targetHints":{"allow":["GET"]}}],"collection":[{"href":"http:\/\/www.korfezdivingcenter.com\/index.php?rest_route=\/wp\/v2\/pages"}],"about":[{"href":"http:\/\/www.korfezdivingcenter.com\/index.php?rest_route=\/wp\/v2\/types\/page"}],"author":[{"embeddable":true,"href":"http:\/\/www.korfezdivingcenter.com\/index.php?rest_route=\/wp\/v2\/users\/1"}],"replies":[{"embeddable":true,"href":"http:\/\/www.korfezdivingcenter.com\/index.php?rest_route=%2Fwp%2Fv2%2Fcomments&post=19"}],"version-history":[{"count":4,"href":"http:\/\/www.korfezdivingcenter.com\/index.php?rest_route=\/wp\/v2\/pages\/19\/revisions"}],"predecessor-version":[{"id":104,"href":"http:\/\/www.korfezdivingcenter.com\/index.php?rest_route=\/wp\/v2\/pages\/19\/revisions\/104"}],"wp:featuredmedia":[{"embeddable":true,"href":"http:\/\/www.korfezdivingcenter.com\/index.php?rest_route=\/wp\/v2\/media\/65"}],"wp:attachment":[{"href":"http:\/\/www.korfezdivingcenter.com\/index.php?rest_route=%2Fwp%2Fv2%2Fmedia&parent=19"}],"curies":[{"name":"wp","href":"https:\/\/api.w.org\/{rel}","templated":true}]}}